{"id":174,"date":"2023-07-24T16:12:09","date_gmt":"2023-07-24T16:12:09","guid":{"rendered":"https:\/\/www.apartamentnakamiencu.pl\/?page_id=174"},"modified":"2023-07-24T16:20:27","modified_gmt":"2023-07-24T16:20:27","slug":"policies","status":"publish","type":"page","link":"https:\/\/www.apartamentnakamiencu.pl\/?page_id=174","title":{"rendered":"Polityka prywatno\u015bci"},"content":{"rendered":"\t\t<div data-elementor-type=\"wp-page\" data-elementor-id=\"174\" class=\"elementor elementor-174\">\n\t\t\t\t\t\t<section class=\"elementor-section elementor-top-section elementor-element elementor-element-63f9338 elementor-section-height-min-height elementor-section-boxed elementor-section-height-default elementor-section-items-middle\" data-id=\"63f9338\" data-element_type=\"section\" data-settings=\"{&quot;background_background&quot;:&quot;classic&quot;}\">\n\t\t\t\t\t\t\t<div class=\"elementor-background-overlay\"><\/div>\n\t\t\t\t\t\t\t<div class=\"elementor-container elementor-column-gap-default\">\n\t\t\t\t\t<div class=\"elementor-column elementor-col-100 elementor-top-column elementor-element elementor-element-5a4bb28\" data-id=\"5a4bb28\" data-element_type=\"column\">\n\t\t\t<div class=\"elementor-widget-wrap elementor-element-populated\">\n\t\t\t\t\t\t<div class=\"elementor-element elementor-element-f7464da elementor-widget elementor-widget-heading\" data-id=\"f7464da\" data-element_type=\"widget\" data-widget_type=\"heading.default\">\n\t\t\t\t<div class=\"elementor-widget-container\">\n\t\t\t\t\t<h2 class=\"elementor-heading-title elementor-size-default\">Polityka prywatno\u015bci<\/h2>\t\t\t\t<\/div>\n\t\t\t\t<\/div>\n\t\t\t\t\t<\/div>\n\t\t<\/div>\n\t\t\t\t\t<\/div>\n\t\t<\/section>\n\t\t\t\t<section class=\"elementor-section elementor-top-section elementor-element elementor-element-ffc34bc elementor-section-boxed elementor-section-height-default elementor-section-height-default\" data-id=\"ffc34bc\" data-element_type=\"section\">\n\t\t\t\t\t\t<div class=\"elementor-container elementor-column-gap-default\">\n\t\t\t\t\t<div class=\"elementor-column elementor-col-100 elementor-top-column elementor-element elementor-element-ba58e93\" data-id=\"ba58e93\" data-element_type=\"column\">\n\t\t\t<div class=\"elementor-widget-wrap elementor-element-populated\">\n\t\t\t\t\t\t<div class=\"elementor-element elementor-element-8aa9e15 elementor-widget elementor-widget-spacer\" data-id=\"8aa9e15\" data-element_type=\"widget\" data-widget_type=\"spacer.default\">\n\t\t\t\t<div class=\"elementor-widget-container\">\n\t\t\t\t\t\t\t<div class=\"elementor-spacer\">\n\t\t\t<div class=\"elementor-spacer-inner\"><\/div>\n\t\t<\/div>\n\t\t\t\t\t\t<\/div>\n\t\t\t\t<\/div>\n\t\t\t\t<div class=\"elementor-element elementor-element-b85e67a elementor-widget elementor-widget-text-editor\" data-id=\"b85e67a\" data-element_type=\"widget\" data-widget_type=\"text-editor.default\">\n\t\t\t\t<div class=\"elementor-widget-container\">\n\t\t\t\t\t\t\t\t\t<p><b>POLITYKA PRYWATNO\u015aCI I COOKIES<\/b><\/p><p>\u00a0<\/p><p>Niniejsza Polityka prywatno\u015bci i cookies (\u201e<b>Polityka<\/b>\u201d) zawiera informacje dotycz\u0105ce przetwarzania danych osobowych os\u00f3b korzystaj\u0105cych z us\u0142ug \u015bwiadczonych przez Artur Markowicz 34-443 Sromowce Wy\u017cne, Graniczna 7 (\u201e<b>Administrator<\/b>\u201d) w ramach strony internetowej znajduj\u0105cej si\u0119 pod adresem: www.apartamentnakamiencu.pl (\u201e<b>Strona internetowa<\/b>\u201d).<\/p><p>Korzystanie ze Strony internetowej oznacza akceptacj\u0119 poni\u017cszych warunk\u00f3w Polityki.<\/p><p>Administrator stosuje odpowiednie zabezpieczenia organizacyjne i techniczne, aby zapewni\u0107 jak najlepsz\u0105 ochron\u0119 Twoich danych osobowych oraz gwarantuje, \u017ce przetwarza je zgodnie z przepisami Rozporz\u0105dzenia Parlamentu Europejskiego i Rady (UE) 2016\/679 z dnia 27 kwietnia 2016 r. w sprawie ochrony os\u00f3b fizycznych w zwi\u0105zku z przetwarzaniem danych osobowych i w sprawie swobodnego przep\u0142ywu takich danych oraz uchylenia dyrektywy 95\/46\/WE (og\u00f3lne rozporz\u0105dzenie o ochronie danych) (\u201eRODO\u201d), ustawy z dnia 10 maja 2018 r. o ochronie danych osobowych oraz innymi przepisami o ochronie danych osobowych.<\/p><p>\u00a0<\/p><p><b>Kontakt z Administratorem<\/b><\/p><p>Administrator nie powo\u0142a\u0142 Inspektora Ochrony Danych Osobowych (IODO) i wykonuje samodzielnie obowi\u0105zki zwi\u0105zane z przetwarzaniem danych osobowych. We wszystkich sprawach zwi\u0105zanych z przetwarzaniem danych osobowych mo\u017cesz kontaktowa\u0107 si\u0119 z Administratorem drog\u0105 elektroniczn\u0105, wysy\u0142aj\u0105c e-mail pod adres: markowiczartur1@gmail.com<\/p><p>\u00a0<\/p><p><b>Informacje o przetwarzanych danych osobowych<\/b><\/p><p>Korzystanie z us\u0142ug \u015bwiadczonych przez Administratora w ramach Strony internetowej wymaga przetwarzania Twoich danych osobowych. Poni\u017cej znajdziesz szczeg\u00f3\u0142owe informacje o celach i podstawach prawnych przetwarzania.<\/p><p>\u00a0<\/p><p><b>Kontakt e-mailowy<\/b>. W celu skontaktowania si\u0119 z Administratorem za po\u015brednictwem poczty elektronicznej, w tym r\u00f3wnie\u017c w celu przes\u0142ania zapytania poprzez formularz kontaktowy, niezb\u0119dnie jest przekazanie adresu e-mail. Ponadto, w tre\u015bci wiadomo\u015bci mo\u017cesz zawrze\u0107 r\u00f3wnie\u017c inne dane osobowe. Podanie danych jest dobrowolne, ale niezb\u0119dne, by nawi\u0105za\u0107 kontakt.<\/p><p>Dane osobowe s\u0105 w tym przypadku przetwarzane w celu umo\u017cliwienia nawi\u0105zania i utrzymania kontaktu, na podstawie Twojej zgody wynikaj\u0105cej z zainicjowania kontaktu (art. 6 ust. 1 lit. a RODO). Podstaw\u0105 prawn\u0105 przetwarzania po zako\u0144czeniu kontaktu jest usprawiedliwiony cel w postaci archiwizacji korespondencji na potrzeby wewn\u0119trzne (art. 6 ust. 1 lit. c RODO).<\/p><p>\u00a0<\/p><p><b>Newsletter<\/b>.\u00a0W celu zapisania si\u0119 do newslettera, niezb\u0119dne jest przekazanie adresu e-mail oraz imienia za po\u015brednictwem formularza zapisu do newslettera. Podanie danych jest dobrowolne, ale niezb\u0119dne, by zapisa\u0107 si\u0119 do newslettera.<\/p><p>\u00a0<\/p><p>Dane przekazane podczas zapisu do newslettera wykorzystywane s\u0105 w celu przesy\u0142ania newslettera, a podstaw\u0105 prawn\u0105 ich przetwarzania jest Twoja zgoda wyra\u017cona podczas zapisywania si\u0119 do newslettera (art. 6 ust. 1 lit. a RODO).<\/p><p>Dane b\u0119d\u0105 przetwarzane przez czas funkcjonowania newslettera. Mo\u017cesz te\u017c w ka\u017cdym czasie zrezygnowa\u0107 z otrzymywania newslettera. Rezygnacja z otrzymywania newslettera nie prowadzi do usuni\u0119cia danych z bazy \u2013 dane nadal b\u0119d\u0105 przechowywane w systemie mailingowym w celu obrony przed ewentualnymi roszczeniami zwi\u0105zanymi z przesy\u0142aniem newslettera, w szczeg\u00f3lno\u015bci na potrzeby wykazania udzielenia przez Ciebie zgody na otrzymywani newslettera, co stanowi uzasadniony interes Administratora (art. 6 ust. 1. lit. f RODO).<\/p><p>\u00a0<\/p><p><b>Komentarze<\/b>. W celu zamieszczenia komentarza na Stronie internetowej niezb\u0119dne jest podanie adresu e-mail oraz nazwy u\u017cytkownika. Ponadto w tre\u015bci komentarza mo\u017cesz poda\u0107 inne dane osobowe. Podanie danych jest dobrowolne. Podanie adresu e-mail jest obowi\u0105zkowe i s\u0142u\u017cy wy\u0142\u0105cznie w celu wykluczenia spamu lub\/i wy\u015bwietlenia avatara u\u017cytkownika. Nie jest on udost\u0119pniany podmiotom trzecim.<\/p><p>Dane przekazane podczas dodawania komentarza wykorzystywane s\u0105 w celu opublikowania komentarza na blog, a podstaw\u0105 prawn\u0105 ich przetwarzania jest Twoja zgoda\u00a0 wynikaj\u0105ca z dodania komentarza (art. 6 ust. 1 lit. a RODO).<\/p><p>Dane b\u0119d\u0105 przetwarzane przez czas funkcjonowania komentarzy na blogu, chyba \u017ce wcze\u015bniej poprosisz o usuni\u0119cie komentarza, co spowoduje usuni\u0119cie Twoich danych z bazy.<\/p><p>Administrator nie ponosi odpowiedzialno\u015bci za tre\u015b\u0107 komentarzy zamieszczanych przez u\u017cytkownik\u00f3w oraz os\u00f3b wypowiadaj\u0105cych si\u0119 na Stronie internetowej. Administrator zastrzega sobie prawo do niezamieszczania komentarzy o charakterze spamu, obra\u017aliwych, zawieraj\u0105cych wulgarne lub obra\u017aliwe zwroty, tre\u015bci niezgodne z prawem lub zawieraj\u0105ce jakiekolwiek linki do innych stron.<\/p><p>\u00a0<\/p><p><b>Dzia\u0142alno\u015b\u0107 w social mediach<\/b>. Administrator przetwarza Twoje dane osobowe przekazane za po\u015brednictwem fanpage Apartamenty na Kamie\u0144cu. Dane osobowe podawane na fanpage b\u0119d\u0105 przetwarzane w celu administrowania i zarz\u0105dzania fanpage, komunikowania si\u0119 z Tob\u0105 oraz kierowania do Ciebie tre\u015bci marketingowych w oparciu o uzasadniony interes Administratora (art. 6 ust. 1. lit. f RODO).<\/p><p>Dane te b\u0119d\u0105 przetwarzane wy\u0142\u0105cznie w przypadku \u201epolubienia\u201d fanpage\/wybrania opcji Obserwuj lub gdy w inny spos\u00f3b zostawisz swoje dane na fanpage, np. w formie umieszczenia komentarza. Dane b\u0119d\u0105 przetwarzane przez okres istnienia fanpage lub do czasu wniesienia przez Ciebie sprzeciwu.<\/p><p>Zasady odnosz\u0105ce si\u0119 do fanpage ustala Administrator, natomiast zasady korzystania z portalu spo\u0142eczno\u015bciowego, na kt\u00f3rym umieszczony jest fanpage ustala podmiot zarz\u0105dzaj\u0105cy tymi portalem (Facebook Inc., 1601 S. California Ave. Palo Alto, CA 94304, USA).<\/p><p>\u00a0<\/p><p>Ponadto przekazywane przez Ciebie dane osobowe mog\u0105 by\u0107 przetwarzane w nast\u0119puj\u0105cych celach:<\/p><ul><li>ustalenia, dochodzenia lub obrony przed roszczeniami;<\/li><li>tworzenia rejestr\u00f3w i ewidencji zwi\u0105zanych z RODO;<\/li><li>archiwalnym i dowodowym, na potrzeby zabezpieczenia informacji, kt\u00f3re mog\u0105 s\u0142u\u017cy\u0107 wykazywaniu fakt\u00f3w;<\/li><li>badania satysfakcji z oferowanych us\u0142ug;<\/li><li>kontaktu w celu przedstawienia oferty i marketingu bezpo\u015bredniego.<\/li><\/ul><p>\u00a0<\/p><p>Dane U\u017cytkownika b\u0119d\u0105 przechowywane przez Administratora przez czas realizacji poszczeg\u00f3lnych cel\u00f3w oraz:<\/p><ul><li>przez okres przedawnienia roszcze\u0144 zgodnie z przepisami Kodeksu post\u0119powania cywilnego;<\/li><li>do czasu skutecznego wniesienia sprzeciwu \u2014 w odniesieniu do danych osobowych przetwarzanych na podstawie prawnie uzasadnionego interesu administratora lub do cel\u00f3w marketingowych;<\/li><li>do czasu cofni\u0119cia zgody lub osi\u0105gni\u0119cia celu przetwarzania \u2014 w odniesieniu do danych osobowych przetwarzanych na podstawie zgody;<\/li><li>do czasu zdezaktualizowania si\u0119 lub utraty przydatno\u015bci \u2014 w odniesieniu do danych osobowych przetwarzanych g\u0142\u00f3wnie do cel\u00f3w analitycznych, statystycznych, wykorzystania cookies i administrowania Stron\u0105 internetow\u0105.<\/li><\/ul><p>\u00a0<\/p><p><strong>Profilowanie<\/strong><\/p><p>W celu stworzenia Twojego profilu dla cel\u00f3w marketingowych oraz kierowania do Ciebie marketingu bezpo\u015bredniego (np. reklam w serwisie spo\u0142eczno\u015bciowym Facebook) dostosowanego do Twoich preferencji, Administrator mo\u017ce przetwarza\u0107 Twoje dane osobowe w spos\u00f3b zautomatyzowany, w tym tak\u017ce je profilowa\u0107 \u2013 nie b\u0119dzie to jednak wywo\u0142ywa\u0107 wobec Ciebie \u017cadnych skutk\u00f3w prawnych ani w podobny spos\u00f3b istotnie wp\u0142ywa\u0107 na Twoj\u0105 sytuacj\u0119.<\/p><p>Zakres profilowanych danych osobowych odpowiada zakresowi wskazanemu powy\u017cej w odniesieniu do analizy Twojej aktywno\u015bci na Stronie internetowej.<\/p><p>Podstaw\u0105 prawn\u0105 przetwarzania danych osobowych w powy\u017cszym celu jest art. 6 ust. 1 lit. f RODO, zgodnie z kt\u00f3rym Administrator mo\u017ce przetwarza\u0107 dane osobowe w celu realizacji swojego prawnie uzasadnionego interesu, w tym przypadku prowadzenia dzia\u0142a\u0144 marketingowych dopasowanych do preferencji odbiorc\u00f3w.\u00a0<\/p><p>Administrator b\u0119dzie przetwarza\u0142 dane osobowe w celu ich profilowania do czasu skutecznego wniesienia sprzeciwu lub osi\u0105gni\u0119cia celu przetwarzania.<\/p><p>\u00a0<\/p><p><strong>Odbiorcy danych osobowych<\/strong><\/p><p>Twoje dane osobowe mog\u0105 by\u0107 przetwarzane przez podwykonawc\u00f3w Administratora, takich jak dostawca oprogramowania, dostawca p\u0142atno\u015bci, biuro ksi\u0119gowe, hostingodawca, podmiot zapewniaj\u0105cy us\u0142ugi marketingowe, podmiot zapewniaj\u0105cy us\u0142ugi statystyczne. Wszystkie podmioty, kt\u00f3rym Administrator powierza przetwarzanie danych osobowych gwarantuj\u0105 stosowanie odpowiednich \u015brodk\u00f3w ochrony i bezpiecze\u0144stwa danych osobowych wymaganych przez przepisy prawa.<\/p><p>Twoje dane osobowe mog\u0105 by\u0107 przekazywane uprawnionym organom pa\u0144stwowym w zwi\u0105zku z prowadzonymi przez nie post\u0119powaniami, na ich \u017c\u0105danie i po spe\u0142nieniu przes\u0142anek potwierdzaj\u0105cych niezb\u0119dno\u015b\u0107 pozyskania tych danych.<\/p><p>\u00a0<\/p><p>Na Stronie internetowej mog\u0105 pojawia\u0107 si\u0119 linki odsy\u0142aj\u0105ce do innych stron internetowych. B\u0119d\u0105 one otwiera\u0107 si\u0119 w nowym oknie przegl\u0105darki lub w tym samym oknie. Administrator nie odpowiada za tre\u015bci przekazywane przez te strony. U\u017cytkownik zobowi\u0105zany jest do zapoznania si\u0119 z polityk\u0105 prywatno\u015bci lub regulaminem tych stron.<\/p><p>\u00a0<\/p><p><strong>Przekazywanie danych osobowych do pa\u0144stwa trzeciego<\/strong><\/p><p>Z uwagi na korzystanie z us\u0142ug np. Google oraz Facebook Twoje dane osobowe mog\u0105 by\u0107 przekazywane do Stan\u00f3w Zjednoczonych Ameryki (USA) w zwi\u0105zku z ich przechowywaniem na ameryka\u0144skich serwerach (w ca\u0142o\u015bci lub cz\u0119\u015bciowo). Google i Facebook stosuj\u0105 mechanizmy zgodno\u015bci przewidziane przez RODO (np. certyfikaty) lub standardowe klauzule umowne.\u00a0\u00a0<\/p><p>Szczeg\u00f3\u0142owe informacje dost\u0119pne s\u0105 w tre\u015bci polityki prywatno\u015bci ka\u017cdego z dostawc\u00f3w tych us\u0142ug, dost\u0119pnych na ich stronach internetowych. Przyk\u0142adowo:<\/p><p>https:\/\/policies.google.com\/privacy?hl=pl<\/p><p>https:\/\/www.facebook.com\/privacy\/explanation<\/p><p>\u00a0<\/p><p><strong>Uprawnienia<\/strong><\/p><p>RODO przyznaje Ci nast\u0119puj\u0105ce potencjalne uprawnienia zwi\u0105zane z przetwarzaniem Twoich danych osobowych:<\/p><ul><li>prawo dost\u0119pu do danych osobowych,<\/li><li>prawo do sprostowania danych osobowych,<\/li><li>prawo do usuni\u0119cia danych osobowych,<\/li><li>prawo do ograniczenia przetwarzania danych osobowych,<\/li><li>prawo do wniesienia sprzeciwu co do przetwarzania danych osobowych,<\/li><li>prawo do przenoszenia danych,<\/li><li>prawo do odwo\u0142ania zgody na przetwarzanie danych osobowych, je\u017celi takow\u0105 zgod\u0119 wyrazi\u0142e\u015b.<\/li><\/ul><p>Masz tak\u017ce prawo wniesienia skargi do Prezesa Urz\u0119du Ochrony Danych Osobowych, gdy uznasz, \u017ce przetwarzanie danych osobowych narusza przepisy RODO.<\/p><p>\u00a0<\/p><p><strong>Pliki cookies<\/strong><\/p><p>Administrator informuje, \u017ce Strona internetowa korzysta z plik\u00f3w \u201ecookies\u201d (ciasteczka), instalowanych w Twoim urz\u0105dzeniu ko\u0144cowym.<\/p><p>Administrator wykorzystuje pliki cookies w celu zapewnienia prawid\u0142owego funkcjonowania Strony internetowej, a tak\u017ce w celach statystycznych i marketingowych. Dane zbierane za pomoc\u0105 plik\u00f3w cookies nie pozwalaj\u0105 Administratorowi na Twoj\u0105 identyfikacj\u0119.<\/p><p>Administrator mo\u017ce umieszcza\u0107 w Twoim urz\u0105dzeniu zar\u00f3wno pliki trwa\u0142e, jak i tymczasowe. Pliki tymczasowe s\u0105 zazwyczaj usuwane z chwil\u0105 zamkni\u0119cia przegl\u0105darki, natomiast zamkni\u0119cie przegl\u0105darki nie powoduje usuni\u0119cia plik\u00f3w trwa\u0142ych.<\/p><p>Pliki cookies mo\u017cna podzieli\u0107 na w\u0142asne oraz pochodz\u0105ce od podmiot\u00f3w trzecich. Pliki cookies w\u0142asne to przede wszystkim niezb\u0119dne pliki cookies Strony internetowej, kt\u00f3re umo\u017cliwiaj\u0105 prawid\u0142owe i bezpieczne funkcjonowanie Strony internetowej (s\u0142u\u017c\u0105 one m.in. do dopasowania uk\u0142adu strony internetowej do ekranu urz\u0105dzenia), w zwi\u0105zku z czym ich wy\u0142\u0105czenie nie jest mo\u017cliwe (dzia\u0142anie tych plik\u00f3w jest warunkiem korzystania ze Strony internetowej).<\/p><p>W zwi\u0105zku z tym, \u017ce Administrator wy\u015bwietla na Stronie internetowej tre\u015bci pochodz\u0105ce z serwis\u00f3w spo\u0142eczno\u015bciowych, takich jak Facebook, oraz korzysta z narz\u0119dzi marketingowych dost\u0119pnych w ramach serwisu Facebook, na Stronie internetowej s\u0105 wykorzystywane pliki cookies Facebooka.<\/p><p>Administrator korzysta tak\u017ce z narz\u0119dzi analitycznych, takich jak Google Analytics, kt\u00f3re zbieraj\u0105 anonimowe informacje na temat Twoich odwiedzin strony, takie jak podstrony, kt\u00f3re wy\u015bwietli\u0142e\u015b, czas, jaki sp\u0119dzi\u0142e\u015b na stronie czy przej\u015bcia pomi\u0119dzy poszczeg\u00f3lnymi podstronami. W tym celu wykorzystywane s\u0105 pliki cookies Google dotycz\u0105ce us\u0142ugi Google Analytics.<\/p><p>\u00a0<\/p><p>Podczas pierwszej wizyty na Stronie internetowej wy\u015bwietlana jest informacja na temat stosowania plik\u00f3w cookies. Zaakceptowanie i zamkni\u0119cie tej informacji oznacza, \u017ce wyra\u017casz zgod\u0119 na wykorzystywanie plik\u00f3w cookies zgodnie z postanowieniami niniejszej Polityki. Zgod\u0119 zawsze mo\u017cesz wycofa\u0107, usuwaj\u0105c pliki cookies oraz zmieniaj\u0105c ustawienia plik\u00f3w cookies w Twojej przegl\u0105darce. Pami\u0119taj jednak, \u017ce wy\u0142\u0105czenie plik\u00f3w cookies mo\u017ce powodowa\u0107 trudno\u015bci w korzystaniu ze Strony internetowej.<\/p><p>\u00a0<\/p><p>Polityka obowi\u0105zuje od dnia 24.07.2023 r.<\/p><div>\u00a0<\/div>\t\t\t\t\t\t\t\t<\/div>\n\t\t\t\t<\/div>\n\t\t\t\t\t<\/div>\n\t\t<\/div>\n\t\t\t\t\t<\/div>\n\t\t<\/section>\n\t\t\t\t<\/div>\n\t\t","protected":false},"excerpt":{"rendered":"<p>Polityka prywatno\u015bci POLITYKA PRYWATNO\u015aCI I COOKIES \u00a0 Niniejsza Polityka prywatno\u015bci i cookies (\u201ePolityka\u201d) zawiera informacje dotycz\u0105ce przetwarzania danych osobowych os\u00f3b korzystaj\u0105cych z us\u0142ug \u015bwiadczonych przez Artur Markowicz 34-443 Sromowce Wy\u017cne, Graniczna 7 (\u201eAdministrator\u201d) w ramach strony internetowej znajduj\u0105cej si\u0119 pod adresem: www.apartamentnakamiencu.pl (\u201eStrona internetowa\u201d). Korzystanie ze Strony internetowej oznacza akceptacj\u0119 poni\u017cszych warunk\u00f3w Polityki. Administrator stosuje [&hellip;]<\/p>\n","protected":false},"author":1,"featured_media":0,"parent":0,"menu_order":1,"comment_status":"closed","ping_status":"closed","template":"","meta":{"site-sidebar-layout":"no-sidebar","site-content-layout":"page-builder","ast-site-content-layout":"default","site-content-style":"default","site-sidebar-style":"default","ast-global-header-display":"","ast-banner-title-visibility":"","ast-main-header-display":"","ast-hfb-above-header-display":"","ast-hfb-below-header-display":"","ast-hfb-mobile-header-display":"","site-post-title":"disabled","ast-breadcrumbs-content":"","ast-featured-img":"disabled","footer-sml-layout":"","theme-transparent-header-meta":"","adv-header-id-meta":"","stick-header-meta":"","header-above-stick-meta":"","header-main-stick-meta":"","header-below-stick-meta":"","astra-migrate-meta-layouts":"default","ast-page-background-enabled":"default","ast-page-background-meta":{"desktop":{"background-color":"var(--ast-global-color-4)","background-image":"","background-repeat":"repeat","background-position":"center center","background-size":"auto","background-attachment":"scroll","background-type":"","background-media":"","overlay-type":"","overlay-color":"","overlay-opacity":"","overlay-gradient":""},"tablet":{"background-color":"","background-image":"","background-repeat":"repeat","background-position":"center center","background-size":"auto","background-attachment":"scroll","background-type":"","background-media":"","overlay-type":"","overlay-color":"","overlay-opacity":"","overlay-gradient":""},"mobile":{"background-color":"","background-image":"","background-repeat":"repeat","background-position":"center center","background-size":"auto","background-attachment":"scroll","background-type":"","background-media":"","overlay-type":"","overlay-color":"","overlay-opacity":"","overlay-gradient":""}},"ast-content-background-meta":{"desktop":{"background-color":"var(--ast-global-color-5)","background-image":"","background-repeat":"repeat","background-position":"center center","background-size":"auto","background-attachment":"scroll","background-type":"","background-media":"","overlay-type":"","overlay-color":"","overlay-opacity":"","overlay-gradient":""},"tablet":{"background-color":"var(--ast-global-color-5)","background-image":"","background-repeat":"repeat","background-position":"center center","background-size":"auto","background-attachment":"scroll","background-type":"","background-media":"","overlay-type":"","overlay-color":"","overlay-opacity":"","overlay-gradient":""},"mobile":{"background-color":"var(--ast-global-color-5)","background-image":"","background-repeat":"repeat","background-position":"center center","background-size":"auto","background-attachment":"scroll","background-type":"","background-media":"","overlay-type":"","overlay-color":"","overlay-opacity":"","overlay-gradient":""}},"footnotes":""},"_links":{"self":[{"href":"https:\/\/www.apartamentnakamiencu.pl\/index.php?rest_route=\/wp\/v2\/pages\/174"}],"collection":[{"href":"https:\/\/www.apartamentnakamiencu.pl\/index.php?rest_route=\/wp\/v2\/pages"}],"about":[{"href":"https:\/\/www.apartamentnakamiencu.pl\/index.php?rest_route=\/wp\/v2\/types\/page"}],"author":[{"embeddable":true,"href":"https:\/\/www.apartamentnakamiencu.pl\/index.php?rest_route=\/wp\/v2\/users\/1"}],"replies":[{"embeddable":true,"href":"https:\/\/www.apartamentnakamiencu.pl\/index.php?rest_route=%2Fwp%2Fv2%2Fcomments&post=174"}],"version-history":[{"count":14,"href":"https:\/\/www.apartamentnakamiencu.pl\/index.php?rest_route=\/wp\/v2\/pages\/174\/revisions"}],"predecessor-version":[{"id":190,"href":"https:\/\/www.apartamentnakamiencu.pl\/index.php?rest_route=\/wp\/v2\/pages\/174\/revisions\/190"}],"wp:attachment":[{"href":"https:\/\/www.apartamentnakamiencu.pl\/index.php?rest_route=%2Fwp%2Fv2%2Fmedia&parent=174"}],"curies":[{"name":"wp","href":"https:\/\/api.w.org\/{rel}","templated":true}]}}